{"id":5224,"date":"2020-09-05T17:06:59","date_gmt":"2020-09-05T16:06:59","guid":{"rendered":"https:\/\/test.janinaneumanndesign.de\/?page_id=5224"},"modified":"2023-04-11T11:43:37","modified_gmt":"2023-04-11T10:43:37","slug":"interkulturelles-sensibilisierungstraining-und-beratung","status":"publish","type":"page","link":"https:\/\/janinaneumanndesign.de\/index.php\/interkulturelles-sensibilisierungstraining-und-beratung\/","title":{"rendered":"Interkulturelles Sensibilisierungstraining und Beratung"},"content":{"rendered":"\n<h2>\n\t\tJND unterst\u00fctzt Sie bei der Vermeidung kultureller Missverst\u00e4ndnisse und beim Aufbau besserer Beziehungen mit ihren Zielgruppen.\n\t<\/h2>\n<h2>\n\t\tTraining f\u00fcr Unternehmen\n\t<\/h2>\n\t<p>Der Handel \u00fcber Kulturgrenzen hinweg kreiert nicht nur Wachstum und Innovation, er bringt auch die unterschiedlichsten Menschen zusammen &#8211; innerhalb und au\u00dferhalb Ihrer Organisation. Interkulturelles Management ist dabei entscheidend f\u00fcr einen effektiven Gesch\u00e4ftsbetrieb. H\u00e4ufig werden uns Unterschiede zwischen Kulturen erst bewusst, nachdem Missverst\u00e4ndnisse bereits aufgetreten sind.<\/p>\n<p>JNDs Training zu interkulturellem Management erm\u00f6glicht es Unternehmen, Gesch\u00e4ftspraktiken zu entwickeln, die \u00fcber Kulturgrenzen hinweg erfolgreich sind: angefangen von der Kommunikation, die \u00fcber Organisation, bis hin zu F\u00fchrungskompetenz und Umgangsformen.<\/p>\n\n<!-- Buttons X - Start -->\n<style type=\"text\/css\" scoped>\/*5602-start*\/\n#btnsx-5602{margin-top:0px;margin-bottom:0px;margin-left:0px;margin-right:0px;padding-top:16px;padding-bottom:15px;padding-left:43px;padding-right:44px;}\n#btnsx-5602 .btnsx-text-primary{font-size:17px;line-height:17px;font-style:normal;font-weight:700;font-family:Lato;color:#ffffff;padding-top:0px;padding-bottom:0px;padding-left:0px;padding-right:0px;}\n#btnsx-5602:hover .btnsx-text-primary{color:#ffffff;}\n#btnsx-5602{background-color:#118077!important;}\n#btnsx-5602:hover{background-color:#5a9393!important;}\n#btnsx-5602{border-top-width:0px;border-bottom-width:0px;border-left-width:0px;border-right-width:0px;border-style:none;border-top-left-radius:6px;border-top-right-radius:6px;border-bottom-left-radius:6px;border-bottom-right-radius:6px;}\n#btnsx-5602:hover{border-top-width:0px;border-bottom-width:0px;border-left-width:0px;border-right-width:0px;border-style:none;border-top-left-radius:6px;border-top-right-radius:6px;border-bottom-left-radius:6px;border-bottom-right-radius:6px;}\n#btnsx-5602{-webkit-box-shadow:none;box-shadow:none;}\n#btnsx-5602:hover{-webkit-box-shadow:none;box-shadow:none;}\n\/*5602-end*\/\n<\/style>\n<a href=\"https:\/\/calendly.com\/janinaneumanndesign\/call\" id=\"btnsx-5602\" target=\"_blank\" class=\"btnsx-btn\"  data-font-primary=\"Lato\">\n\t<span class=\"btnsx-text-primary \">Infogespr\u00e4ch vereinbaren<\/span><\/a>\n\n<!-- Buttons X - End -->\n\n<h2>\n\t\tTraining f\u00fcr den \u00f6ffentlichen Sektor und gemeinn\u00fctzige Organisationen\n\t<\/h2>\n\t<p>Sie sind stolz auf Ihr von Vielfalt gepr\u00e4gtes Team? Sie m\u00f6chten Minderheiten erfolgreich ansprechen? JND unterst\u00fctzt Sie bei der Bereitstellung der richtigen Mittel, um \u00fcber Kulturgrenzen hinweg effektiv zu kommunizieren, zu organisieren und zu f\u00fchren.<\/p>\n<p>Unser interkulturelles Sensibilisierungstraining optimiert die Kommunikation und Interaktionen &#8211; und damit den Erfolg &#8211; Ihrer Organisation.<\/p>\n\n<!-- Buttons X - Start -->\n<style type=\"text\/css\" scoped>\/*5602-start*\/\n#btnsx-5602{margin-top:0px;margin-bottom:0px;margin-left:0px;margin-right:0px;padding-top:16px;padding-bottom:15px;padding-left:43px;padding-right:44px;}\n#btnsx-5602 .btnsx-text-primary{font-size:17px;line-height:17px;font-style:normal;font-weight:700;font-family:Lato;color:#ffffff;padding-top:0px;padding-bottom:0px;padding-left:0px;padding-right:0px;}\n#btnsx-5602:hover .btnsx-text-primary{color:#ffffff;}\n#btnsx-5602{background-color:#118077!important;}\n#btnsx-5602:hover{background-color:#5a9393!important;}\n#btnsx-5602{border-top-width:0px;border-bottom-width:0px;border-left-width:0px;border-right-width:0px;border-style:none;border-top-left-radius:6px;border-top-right-radius:6px;border-bottom-left-radius:6px;border-bottom-right-radius:6px;}\n#btnsx-5602:hover{border-top-width:0px;border-bottom-width:0px;border-left-width:0px;border-right-width:0px;border-style:none;border-top-left-radius:6px;border-top-right-radius:6px;border-bottom-left-radius:6px;border-bottom-right-radius:6px;}\n#btnsx-5602{-webkit-box-shadow:none;box-shadow:none;}\n#btnsx-5602:hover{-webkit-box-shadow:none;box-shadow:none;}\n\/*5602-end*\/\n<\/style>\n<a href=\"https:\/\/calendly.com\/janinaneumanndesign\/call\" id=\"btnsx-5602\" target=\"_blank\" class=\"btnsx-btn\"  data-font-primary=\"Lato\">\n\t<span class=\"btnsx-text-primary \">Infogespr\u00e4ch vereinbaren<\/span><\/a>\n\n<!-- Buttons X - End -->\n\n<h2>\n\t\tBereit f\u00fcr ein erstes Gespr\u00e4ch?\n\t<\/h2>\n\t\n<!-- Buttons X - Start -->\n<style type=\"text\/css\" scoped>\/*5602-start*\/\n#btnsx-5602{margin-top:0px;margin-bottom:0px;margin-left:0px;margin-right:0px;padding-top:16px;padding-bottom:15px;padding-left:43px;padding-right:44px;}\n#btnsx-5602 .btnsx-text-primary{font-size:17px;line-height:17px;font-style:normal;font-weight:700;font-family:Lato;color:#ffffff;padding-top:0px;padding-bottom:0px;padding-left:0px;padding-right:0px;}\n#btnsx-5602:hover .btnsx-text-primary{color:#ffffff;}\n#btnsx-5602{background-color:#118077!important;}\n#btnsx-5602:hover{background-color:#5a9393!important;}\n#btnsx-5602{border-top-width:0px;border-bottom-width:0px;border-left-width:0px;border-right-width:0px;border-style:none;border-top-left-radius:6px;border-top-right-radius:6px;border-bottom-left-radius:6px;border-bottom-right-radius:6px;}\n#btnsx-5602:hover{border-top-width:0px;border-bottom-width:0px;border-left-width:0px;border-right-width:0px;border-style:none;border-top-left-radius:6px;border-top-right-radius:6px;border-bottom-left-radius:6px;border-bottom-right-radius:6px;}\n#btnsx-5602{-webkit-box-shadow:none;box-shadow:none;}\n#btnsx-5602:hover{-webkit-box-shadow:none;box-shadow:none;}\n\/*5602-end*\/\n<\/style>\n<a href=\"https:\/\/calendly.com\/janinaneumanndesign\/call\" id=\"btnsx-5602\" target=\"_blank\" class=\"btnsx-btn\"  data-font-primary=\"Lato\">\n\t<span class=\"btnsx-text-primary \">Infogespr\u00e4ch vereinbaren<\/span><\/a>\n\n<!-- Buttons X - End -->\n\n\n","protected":false},"excerpt":{"rendered":"<p>JND unterst\u00fctzt Sie bei der Vermeidung kultureller Missverst\u00e4ndnisse und beim Aufbau besserer Beziehungen mit ihren Zielgruppen. Training f\u00fcr Unternehmen Der Handel \u00fcber Kulturgrenzen hinweg kreiert nicht nur Wachstum und Innovation, er bringt auch die unterschiedlichsten Menschen zusammen &#8211; innerhalb und au\u00dferhalb Ihrer Organisation. Interkulturelles Management ist dabei entscheidend f\u00fcr einen effektiven Gesch\u00e4ftsbetrieb. H\u00e4ufig werden uns&hellip;&nbsp;<a href=\"https:\/\/janinaneumanndesign.de\/index.php\/interkulturelles-sensibilisierungstraining-und-beratung\/\" rel=\"bookmark\">Read More &raquo;<span class=\"screen-reader-text\">Interkulturelles Sensibilisierungstraining und Beratung<\/span><\/a><\/p>\n","protected":false},"author":2,"featured_media":1456,"parent":0,"menu_order":0,"comment_status":"closed","ping_status":"closed","template":"page-templates\/template-pagebuilder-full-width.php","meta":{"_exactmetrics_skip_tracking":false,"_exactmetrics_sitenote_active":false,"_exactmetrics_sitenote_note":"","_exactmetrics_sitenote_category":0,"neve_meta_sidebar":"","neve_meta_container":"","neve_meta_enable_content_width":"","neve_meta_content_width":0,"neve_meta_title_alignment":"","neve_meta_author_avatar":"","neve_post_elements_order":"","neve_meta_disable_header":"","neve_meta_disable_footer":"","neve_meta_disable_title":"","footnotes":""},"class_list":["post-5224","page","type-page","status-publish","has-post-thumbnail","hentry"],"yoast_head":"<!-- This site is optimized with the Yoast SEO plugin v27.5 - https:\/\/yoast.com\/product\/yoast-seo-wordpress\/ -->\n<title>Interkulturelles Sensibilisierungstraining und Beratung - Janina Neumann Design<\/title>\n<meta name=\"description\" content=\"JND unterst\u00fctzt Kunden bei der Vermeidung kultureller Missverst\u00e4ndnisse und beim Aufbau besserer Beziehungen mit ihren Zielgruppen.\" \/>\n<meta name=\"robots\" content=\"index, follow, max-snippet:-1, max-image-preview:large, max-video-preview:-1\" \/>\n<link rel=\"canonical\" href=\"https:\/\/janinaneumanndesign.de\/index.php\/interkulturelles-sensibilisierungstraining-und-beratung\/\" \/>\n<meta property=\"og:locale\" content=\"en_US\" \/>\n<meta property=\"og:type\" content=\"article\" \/>\n<meta property=\"og:title\" content=\"Interkulturelles Sensibilisierungstraining und Beratung - Janina Neumann Design\" \/>\n<meta property=\"og:description\" content=\"JND unterst\u00fctzt Kunden bei der Vermeidung kultureller Missverst\u00e4ndnisse und beim Aufbau besserer Beziehungen mit ihren Zielgruppen.\" \/>\n<meta property=\"og:url\" content=\"https:\/\/janinaneumanndesign.de\/index.php\/interkulturelles-sensibilisierungstraining-und-beratung\/\" \/>\n<meta property=\"og:site_name\" content=\"Janina Neumann Design\" \/>\n<meta property=\"article:publisher\" content=\"https:\/\/www.facebook.com\/janinaneumanndesign\" \/>\n<meta property=\"article:modified_time\" content=\"2023-04-11T10:43:37+00:00\" \/>\n<meta property=\"og:image\" content=\"https:\/\/janinaneumanndesign.de\/wp-content\/uploads\/2017\/10\/Background_.jpg\" \/>\n\t<meta property=\"og:image:width\" content=\"1040\" \/>\n\t<meta property=\"og:image:height\" content=\"667\" \/>\n\t<meta property=\"og:image:type\" content=\"image\/jpeg\" \/>\n<meta name=\"twitter:card\" content=\"summary_large_image\" \/>\n<meta name=\"twitter:site\" content=\"@janina_design\" \/>\n<meta name=\"twitter:label1\" content=\"Est. reading time\" \/>\n\t<meta name=\"twitter:data1\" content=\"1 minute\" \/>\n<script type=\"application\/ld+json\" class=\"yoast-schema-graph\">{\"@context\":\"https:\\\/\\\/schema.org\",\"@graph\":[{\"@type\":\"WebPage\",\"@id\":\"https:\\\/\\\/janinaneumanndesign.de\\\/index.php\\\/interkulturelles-sensibilisierungstraining-und-beratung\\\/\",\"url\":\"https:\\\/\\\/janinaneumanndesign.de\\\/index.php\\\/interkulturelles-sensibilisierungstraining-und-beratung\\\/\",\"name\":\"Interkulturelles Sensibilisierungstraining und Beratung - Janina Neumann Design\",\"isPartOf\":{\"@id\":\"https:\\\/\\\/janinaneumanndesign.de\\\/#website\"},\"primaryImageOfPage\":{\"@id\":\"https:\\\/\\\/janinaneumanndesign.de\\\/index.php\\\/interkulturelles-sensibilisierungstraining-und-beratung\\\/#primaryimage\"},\"image\":{\"@id\":\"https:\\\/\\\/janinaneumanndesign.de\\\/index.php\\\/interkulturelles-sensibilisierungstraining-und-beratung\\\/#primaryimage\"},\"thumbnailUrl\":\"https:\\\/\\\/janinaneumanndesign.de\\\/wp-content\\\/uploads\\\/2017\\\/10\\\/Background_.jpg\",\"datePublished\":\"2020-09-05T16:06:59+00:00\",\"dateModified\":\"2023-04-11T10:43:37+00:00\",\"description\":\"JND unterst\u00fctzt Kunden bei der Vermeidung kultureller Missverst\u00e4ndnisse und beim Aufbau besserer Beziehungen mit ihren Zielgruppen.\",\"breadcrumb\":{\"@id\":\"https:\\\/\\\/janinaneumanndesign.de\\\/index.php\\\/interkulturelles-sensibilisierungstraining-und-beratung\\\/#breadcrumb\"},\"inLanguage\":\"en-US\",\"potentialAction\":[{\"@type\":\"ReadAction\",\"target\":[\"https:\\\/\\\/janinaneumanndesign.de\\\/index.php\\\/interkulturelles-sensibilisierungstraining-und-beratung\\\/\"]}]},{\"@type\":\"ImageObject\",\"inLanguage\":\"en-US\",\"@id\":\"https:\\\/\\\/janinaneumanndesign.de\\\/index.php\\\/interkulturelles-sensibilisierungstraining-und-beratung\\\/#primaryimage\",\"url\":\"https:\\\/\\\/janinaneumanndesign.de\\\/wp-content\\\/uploads\\\/2017\\\/10\\\/Background_.jpg\",\"contentUrl\":\"https:\\\/\\\/janinaneumanndesign.de\\\/wp-content\\\/uploads\\\/2017\\\/10\\\/Background_.jpg\",\"width\":1040,\"height\":667},{\"@type\":\"BreadcrumbList\",\"@id\":\"https:\\\/\\\/janinaneumanndesign.de\\\/index.php\\\/interkulturelles-sensibilisierungstraining-und-beratung\\\/#breadcrumb\",\"itemListElement\":[{\"@type\":\"ListItem\",\"position\":1,\"name\":\"Home\",\"item\":\"https:\\\/\\\/janinaneumanndesign.de\\\/\"},{\"@type\":\"ListItem\",\"position\":2,\"name\":\"Interkulturelles Sensibilisierungstraining und Beratung\"}]},{\"@type\":\"WebSite\",\"@id\":\"https:\\\/\\\/janinaneumanndesign.de\\\/#website\",\"url\":\"https:\\\/\\\/janinaneumanndesign.de\\\/\",\"name\":\"Janina Neumann Design\",\"description\":\"\",\"potentialAction\":[{\"@type\":\"SearchAction\",\"target\":{\"@type\":\"EntryPoint\",\"urlTemplate\":\"https:\\\/\\\/janinaneumanndesign.de\\\/?s={search_term_string}\"},\"query-input\":{\"@type\":\"PropertyValueSpecification\",\"valueRequired\":true,\"valueName\":\"search_term_string\"}}],\"inLanguage\":\"en-US\"}]}<\/script>\n<!-- \/ Yoast SEO plugin. -->","yoast_head_json":{"title":"Interkulturelles Sensibilisierungstraining und Beratung - Janina Neumann Design","description":"JND unterst\u00fctzt Kunden bei der Vermeidung kultureller Missverst\u00e4ndnisse und beim Aufbau besserer Beziehungen mit ihren Zielgruppen.","robots":{"index":"index","follow":"follow","max-snippet":"max-snippet:-1","max-image-preview":"max-image-preview:large","max-video-preview":"max-video-preview:-1"},"canonical":"https:\/\/janinaneumanndesign.de\/index.php\/interkulturelles-sensibilisierungstraining-und-beratung\/","og_locale":"en_US","og_type":"article","og_title":"Interkulturelles Sensibilisierungstraining und Beratung - Janina Neumann Design","og_description":"JND unterst\u00fctzt Kunden bei der Vermeidung kultureller Missverst\u00e4ndnisse und beim Aufbau besserer Beziehungen mit ihren Zielgruppen.","og_url":"https:\/\/janinaneumanndesign.de\/index.php\/interkulturelles-sensibilisierungstraining-und-beratung\/","og_site_name":"Janina Neumann Design","article_publisher":"https:\/\/www.facebook.com\/janinaneumanndesign","article_modified_time":"2023-04-11T10:43:37+00:00","og_image":[{"width":1040,"height":667,"url":"https:\/\/janinaneumanndesign.de\/wp-content\/uploads\/2017\/10\/Background_.jpg","type":"image\/jpeg"}],"twitter_card":"summary_large_image","twitter_site":"@janina_design","twitter_misc":{"Est. reading time":"1 minute"},"schema":{"@context":"https:\/\/schema.org","@graph":[{"@type":"WebPage","@id":"https:\/\/janinaneumanndesign.de\/index.php\/interkulturelles-sensibilisierungstraining-und-beratung\/","url":"https:\/\/janinaneumanndesign.de\/index.php\/interkulturelles-sensibilisierungstraining-und-beratung\/","name":"Interkulturelles Sensibilisierungstraining und Beratung - Janina Neumann Design","isPartOf":{"@id":"https:\/\/janinaneumanndesign.de\/#website"},"primaryImageOfPage":{"@id":"https:\/\/janinaneumanndesign.de\/index.php\/interkulturelles-sensibilisierungstraining-und-beratung\/#primaryimage"},"image":{"@id":"https:\/\/janinaneumanndesign.de\/index.php\/interkulturelles-sensibilisierungstraining-und-beratung\/#primaryimage"},"thumbnailUrl":"https:\/\/janinaneumanndesign.de\/wp-content\/uploads\/2017\/10\/Background_.jpg","datePublished":"2020-09-05T16:06:59+00:00","dateModified":"2023-04-11T10:43:37+00:00","description":"JND unterst\u00fctzt Kunden bei der Vermeidung kultureller Missverst\u00e4ndnisse und beim Aufbau besserer Beziehungen mit ihren Zielgruppen.","breadcrumb":{"@id":"https:\/\/janinaneumanndesign.de\/index.php\/interkulturelles-sensibilisierungstraining-und-beratung\/#breadcrumb"},"inLanguage":"en-US","potentialAction":[{"@type":"ReadAction","target":["https:\/\/janinaneumanndesign.de\/index.php\/interkulturelles-sensibilisierungstraining-und-beratung\/"]}]},{"@type":"ImageObject","inLanguage":"en-US","@id":"https:\/\/janinaneumanndesign.de\/index.php\/interkulturelles-sensibilisierungstraining-und-beratung\/#primaryimage","url":"https:\/\/janinaneumanndesign.de\/wp-content\/uploads\/2017\/10\/Background_.jpg","contentUrl":"https:\/\/janinaneumanndesign.de\/wp-content\/uploads\/2017\/10\/Background_.jpg","width":1040,"height":667},{"@type":"BreadcrumbList","@id":"https:\/\/janinaneumanndesign.de\/index.php\/interkulturelles-sensibilisierungstraining-und-beratung\/#breadcrumb","itemListElement":[{"@type":"ListItem","position":1,"name":"Home","item":"https:\/\/janinaneumanndesign.de\/"},{"@type":"ListItem","position":2,"name":"Interkulturelles Sensibilisierungstraining und Beratung"}]},{"@type":"WebSite","@id":"https:\/\/janinaneumanndesign.de\/#website","url":"https:\/\/janinaneumanndesign.de\/","name":"Janina Neumann Design","description":"","potentialAction":[{"@type":"SearchAction","target":{"@type":"EntryPoint","urlTemplate":"https:\/\/janinaneumanndesign.de\/?s={search_term_string}"},"query-input":{"@type":"PropertyValueSpecification","valueRequired":true,"valueName":"search_term_string"}}],"inLanguage":"en-US"}]}},"jetpack_sharing_enabled":true,"_links":{"self":[{"href":"https:\/\/janinaneumanndesign.de\/index.php\/wp-json\/wp\/v2\/pages\/5224","targetHints":{"allow":["GET"]}}],"collection":[{"href":"https:\/\/janinaneumanndesign.de\/index.php\/wp-json\/wp\/v2\/pages"}],"about":[{"href":"https:\/\/janinaneumanndesign.de\/index.php\/wp-json\/wp\/v2\/types\/page"}],"author":[{"embeddable":true,"href":"https:\/\/janinaneumanndesign.de\/index.php\/wp-json\/wp\/v2\/users\/2"}],"replies":[{"embeddable":true,"href":"https:\/\/janinaneumanndesign.de\/index.php\/wp-json\/wp\/v2\/comments?post=5224"}],"version-history":[{"count":27,"href":"https:\/\/janinaneumanndesign.de\/index.php\/wp-json\/wp\/v2\/pages\/5224\/revisions"}],"predecessor-version":[{"id":5868,"href":"https:\/\/janinaneumanndesign.de\/index.php\/wp-json\/wp\/v2\/pages\/5224\/revisions\/5868"}],"wp:featuredmedia":[{"embeddable":true,"href":"https:\/\/janinaneumanndesign.de\/index.php\/wp-json\/wp\/v2\/media\/1456"}],"wp:attachment":[{"href":"https:\/\/janinaneumanndesign.de\/index.php\/wp-json\/wp\/v2\/media?parent=5224"}],"curies":[{"name":"wp","href":"https:\/\/api.w.org\/{rel}","templated":true}]}}