{"id":5789,"date":"2022-07-02T12:58:05","date_gmt":"2022-07-02T11:58:05","guid":{"rendered":"https:\/\/janinaneumanndesign.de\/?page_id=5789"},"modified":"2023-04-12T16:45:59","modified_gmt":"2023-04-12T15:45:59","slug":"home","status":"publish","type":"page","link":"https:\/\/janinaneumanndesign.de\/","title":{"rendered":"JND ist ein Designstudio mit der Mission, gemeinsam den sozialen Wandel voranzubringen."},"content":{"rendered":"\n\n<h2>\n\t\tUnser zweisprachiger Ansatz stellt die Grundlage dar, um effektive Kommunikation von Botschaften in verschiedenen Sprachen \u00fcber Kulturgrenzen hinweg zu erm\u00f6glichen.\n\t<\/h2>\n\t\t\t\t<a href=\"https:\/\/test.janinaneumanndesign.de\/index.php\/ihre-marke-prasentieren\/\" target=\"_blank\" rel=\"noopener\" itemprop=\"url\">\n\t\t\t\t<img decoding=\"async\" src=\"https:\/\/test.janinaneumanndesign.de\/wp-content\/uploads\/2019\/01\/Janina-Neumann-Design-Services-Branding.jpg\" alt=\"Janina Neumann Design-Services-Branding\" itemprop=\"image\" title=\"Janina Neumann Design-Services-Branding\" onerror=\"this.style.display='none'\"  \/>\n\t\t\t\t<\/a>\n<h2>\n\t\tIhre Marke pr\u00e4sentieren\n\t<\/h2>\n\t<p>JND unterst\u00fctzt den Erfolg von Organisationen durch den Aufbau einer Marke, die f\u00fcr ethisches Verhalten, einen stilvollen Auftritt und ein \u00fcberlegenes Produktangebot steht.<\/p>\n\n<!-- Buttons X - Start -->\n<style type=\"text\/css\" scoped>\/*5673-start*\/\n#btnsx-5673{margin-top:0px;margin-bottom:0px;margin-left:0px;margin-right:0px;padding-top:16px;padding-bottom:15px;padding-left:43px;padding-right:44px;}\n#btnsx-5673 .btnsx-text-primary{font-size:17px;line-height:17px;font-style:normal;font-weight:700;font-family:Lato;color:#ffffff;padding-top:0px;padding-bottom:0px;padding-left:0px;padding-right:0px;}\n#btnsx-5673:hover .btnsx-text-primary{color:#ffffff;}\n#btnsx-5673{background-color:#118077!important;}\n#btnsx-5673:hover{background-color:#5a9393!important;}\n#btnsx-5673{border-top-width:0px;border-bottom-width:0px;border-left-width:0px;border-right-width:0px;border-style:none;border-top-left-radius:6px;border-top-right-radius:6px;border-bottom-left-radius:6px;border-bottom-right-radius:6px;}\n#btnsx-5673:hover{border-top-width:0px;border-bottom-width:0px;border-left-width:0px;border-right-width:0px;border-style:none;border-top-left-radius:6px;border-top-right-radius:6px;border-bottom-left-radius:6px;border-bottom-right-radius:6px;}\n#btnsx-5673{-webkit-box-shadow:none;box-shadow:none;}\n#btnsx-5673:hover{-webkit-box-shadow:none;box-shadow:none;}\n\/*5673-end*\/\n<\/style>\n<a href=\"https:\/\/janinaneumanndesign.de\/index.php\/ihre-marke-fur-finanzierung-oder-investition-prasentieren\/\" id=\"btnsx-5673\" target=\"_blank\" class=\"btnsx-btn\"  data-font-primary=\"Lato\">\n\t<span class=\"btnsx-text-primary \">Mehr erfahren<\/span><\/a>\n\n<!-- Buttons X - End -->\n\n<h2>\n\t\tInterkulturelles Sensibilisierungstraining und Beratung\n\t<\/h2>\n\t<p>JND unterst\u00fctzt Sie bei der Vermeidung kultureller Missverst\u00e4ndnisse und beim Aufbau besserer Beziehungen mit ihren Zielgruppen.<\/p>\n\n<!-- Buttons X - Start -->\n<style type=\"text\/css\" scoped>\/*5675-start*\/\n#btnsx-5675{margin-top:0px;margin-bottom:0px;margin-left:0px;margin-right:0px;padding-top:16px;padding-bottom:15px;padding-left:43px;padding-right:44px;}\n#btnsx-5675 .btnsx-text-primary{font-size:17px;line-height:17px;font-style:normal;font-weight:700;font-family:Lato;color:#ffffff;padding-top:0px;padding-bottom:0px;padding-left:0px;padding-right:0px;}\n#btnsx-5675:hover .btnsx-text-primary{color:#ffffff;}\n#btnsx-5675{background-color:#118077!important;}\n#btnsx-5675:hover{background-color:#5a9393!important;}\n#btnsx-5675{border-top-width:0px;border-bottom-width:0px;border-left-width:0px;border-right-width:0px;border-style:none;border-top-left-radius:6px;border-top-right-radius:6px;border-bottom-left-radius:6px;border-bottom-right-radius:6px;}\n#btnsx-5675:hover{border-top-width:0px;border-bottom-width:0px;border-left-width:0px;border-right-width:0px;border-style:none;border-top-left-radius:6px;border-top-right-radius:6px;border-bottom-left-radius:6px;border-bottom-right-radius:6px;}\n#btnsx-5675{-webkit-box-shadow:none;box-shadow:none;}\n#btnsx-5675:hover{-webkit-box-shadow:none;box-shadow:none;}\n\/*5675-end*\/\n<\/style>\n<a href=\"https:\/\/janinaneumanndesign.de\/index.php\/interkulturelles-sensibilisierungstraining-und-beratung\/\" id=\"btnsx-5675\" target=\"_blank\" class=\"btnsx-btn\"  data-font-primary=\"Lato\">\n\t<span class=\"btnsx-text-primary \">Mehr erfahren<\/span><\/a>\n\n<!-- Buttons X - End -->\n\n\t\t\t\t<a href=\"https:\/\/test.janinaneumanndesign.de\/index.php\/interkulturelles-sensibilisierungstraining-und-beratung\/\" target=\"_blank\" rel=\"noopener\" itemprop=\"url\">\n\t\t\t\t<img loading=\"lazy\" decoding=\"async\" src=\"https:\/\/janinaneumanndesign.de\/wp-content\/uploads\/2021\/10\/JND-Service-Cultural-Awareness-Training-e1634656167655.jpeg\" alt=\"JND-Service-Cultural-Awareness-Training\" itemprop=\"image\" height=\"279\" width=\"500\" title=\"JND-Service-Cultural-Awareness-Training\" onerror=\"this.style.display='none'\"  \/>\n\t\t\t\t<\/a>\n\t\t\t\t<a href=\"https:\/\/test.janinaneumanndesign.de\/index.php\/marketing-uberwindet-kulturgrenzen\/\" target=\"_blank\" rel=\"noopener\" itemprop=\"url\">\n\t\t\t\t<img loading=\"lazy\" decoding=\"async\" src=\"https:\/\/janinaneumanndesign.de\/wp-content\/uploads\/2021\/10\/JND-Graphics-Services-Marketing-Across-Cultures_Bilingual-Design-e1634656199116.jpeg\" alt=\"JND-Graphics-Services-Marketing-Across-Cultures_Bilingual-Design\" itemprop=\"image\" height=\"320\" width=\"500\" title=\"JND-Graphics-Services-Marketing-Across-Cultures_Bilingual-Design\" onerror=\"this.style.display='none'\"  \/>\n\t\t\t\t<\/a>\n<h2>\n\t\tMarketing \u00fcberwindet Kulturgrenzen\n\t<\/h2>\n\t<p>JND unterst\u00fctzt Sie bei der effektiven Kommunikation Ihrer Botschaft in verschiedenen Sprachen und \u00fcber Kulturgrenzen hinweg.<\/p>\n\n<!-- Buttons X - Start -->\n<style type=\"text\/css\" scoped>\/*5676-start*\/\n#btnsx-5676{margin-top:0px;margin-bottom:0px;margin-left:0px;margin-right:0px;padding-top:16px;padding-bottom:15px;padding-left:43px;padding-right:44px;}\n#btnsx-5676 .btnsx-text-primary{font-size:17px;line-height:17px;font-style:normal;font-weight:700;font-family:Lato;color:#ffffff;padding-top:0px;padding-bottom:0px;padding-left:0px;padding-right:0px;}\n#btnsx-5676:hover .btnsx-text-primary{color:#ffffff;}\n#btnsx-5676{background-color:#118077!important;}\n#btnsx-5676:hover{background-color:#5a9393!important;}\n#btnsx-5676{border-top-width:0px;border-bottom-width:0px;border-left-width:0px;border-right-width:0px;border-style:none;border-top-left-radius:6px;border-top-right-radius:6px;border-bottom-left-radius:6px;border-bottom-right-radius:6px;}\n#btnsx-5676:hover{border-top-width:0px;border-bottom-width:0px;border-left-width:0px;border-right-width:0px;border-style:none;border-top-left-radius:6px;border-top-right-radius:6px;border-bottom-left-radius:6px;border-bottom-right-radius:6px;}\n#btnsx-5676{-webkit-box-shadow:none;box-shadow:none;}\n#btnsx-5676:hover{-webkit-box-shadow:none;box-shadow:none;}\n\/*5676-end*\/\n<\/style>\n<a href=\"https:\/\/janinaneumanndesign.de\/index.php\/marketing-uberwindet-kulturgrenzen\/\" id=\"btnsx-5676\" target=\"_blank\" class=\"btnsx-btn\"  data-font-primary=\"Lato\">\n\t<span class=\"btnsx-text-primary \">Mehr erfahren<\/span><\/a>\n\n<!-- Buttons X - End -->\n\n<h2>\n\t\tDie Vorteile einer Zusammenarbeit mit JND\n\t<\/h2>\n\t<p>Janina, die Gr\u00fcnderin von JND, spricht Englisch und Deutsch flie\u00dfend. So flie\u00dfen neben ihrer Designexpertise auch ihre sprachlichen und kulturellen Kompetenzen in alle Designprojekte ein. Auch die effektive Kommunikation mit den mehrsprachigen Teams von Kunden ist daher gew\u00e4hrleistet.<\/p>\n\t<p>JNDs Logodesigns k\u00f6nnen durch eine Markenzeichengarantie gesch\u00fctzt werden. Diese umfasst die kostenlose Anpassung, falls eine Markenanmeldung im Vereinigten K\u00f6nigreich aufgrund des Logodesigns abgelehnt wird.<\/p>\n\n","protected":false},"excerpt":{"rendered":"<p>Unser zweisprachiger Ansatz stellt die Grundlage dar, um effektive Kommunikation von Botschaften in verschiedenen Sprachen \u00fcber Kulturgrenzen hinweg zu erm\u00f6glichen. Ihre Marke pr\u00e4sentieren JND unterst\u00fctzt den Erfolg von Organisationen durch den Aufbau einer Marke, die f\u00fcr ethisches Verhalten, einen stilvollen Auftritt und ein \u00fcberlegenes Produktangebot steht. Interkulturelles Sensibilisierungstraining und Beratung JND unterst\u00fctzt Sie bei der&hellip;&nbsp;<a href=\"https:\/\/janinaneumanndesign.de\/\" rel=\"bookmark\">Read More &raquo;<span class=\"screen-reader-text\">JND ist ein Designstudio mit der Mission, gemeinsam den sozialen Wandel voranzubringen.<\/span><\/a><\/p>\n","protected":false},"author":2,"featured_media":5831,"parent":0,"menu_order":0,"comment_status":"closed","ping_status":"closed","template":"","meta":{"_exactmetrics_skip_tracking":false,"_exactmetrics_sitenote_active":false,"_exactmetrics_sitenote_note":"","_exactmetrics_sitenote_category":0,"neve_meta_sidebar":"","neve_meta_container":"","neve_meta_enable_content_width":"","neve_meta_content_width":0,"neve_meta_title_alignment":"","neve_meta_author_avatar":"","neve_post_elements_order":"","neve_meta_disable_header":"","neve_meta_disable_footer":"","neve_meta_disable_title":"","footnotes":""},"class_list":["post-5789","page","type-page","status-publish","has-post-thumbnail","hentry"],"yoast_head":"<!-- This site is optimized with the Yoast SEO plugin v27.2 - https:\/\/yoast.com\/product\/yoast-seo-wordpress\/ -->\n<title>JND ist ein Designstudio mit der Mission, gemeinsam den sozialen Wandel voranzubringen. - Janina Neumann Design<\/title>\n<meta name=\"description\" content=\"JND ist ein Designstudio mit der Mission, gemeinsam mit unseren Kunden sozialen Wandel voranzubringen. Unser zweisprachiger Ansatz stellt die Grundlage dar, um effektive Kommunikation von Botschaften in verschiedenen Sprachen \u00fcber Kulturgrenzen hinweg zu erm\u00f6glichen.\" \/>\n<meta name=\"robots\" content=\"index, follow, max-snippet:-1, max-image-preview:large, max-video-preview:-1\" \/>\n<link rel=\"canonical\" href=\"https:\/\/janinaneumanndesign.de\/\" \/>\n<meta property=\"og:locale\" content=\"en_US\" \/>\n<meta property=\"og:type\" content=\"article\" \/>\n<meta property=\"og:title\" content=\"JND ist ein Designstudio mit der Mission, gemeinsam den sozialen Wandel voranzubringen. - Janina Neumann Design\" \/>\n<meta property=\"og:description\" content=\"JND ist ein Designstudio mit der Mission, gemeinsam mit unseren Kunden sozialen Wandel voranzubringen. Unser zweisprachiger Ansatz stellt die Grundlage dar, um effektive Kommunikation von Botschaften in verschiedenen Sprachen \u00fcber Kulturgrenzen hinweg zu erm\u00f6glichen.\" \/>\n<meta property=\"og:url\" content=\"https:\/\/janinaneumanndesign.de\/\" \/>\n<meta property=\"og:site_name\" content=\"Janina Neumann Design\" \/>\n<meta property=\"article:publisher\" content=\"https:\/\/www.facebook.com\/janinaneumanndesign\" \/>\n<meta property=\"article:modified_time\" content=\"2023-04-12T15:45:59+00:00\" \/>\n<meta property=\"og:image\" content=\"https:\/\/janinaneumanndesign.de\/wp-content\/uploads\/2023\/02\/Janina-Neumann-1.jpeg\" \/>\n\t<meta property=\"og:image:width\" content=\"1500\" \/>\n\t<meta property=\"og:image:height\" content=\"844\" \/>\n\t<meta property=\"og:image:type\" content=\"image\/jpeg\" \/>\n<meta name=\"twitter:card\" content=\"summary_large_image\" \/>\n<meta name=\"twitter:site\" content=\"@janina_design\" \/>\n<meta name=\"twitter:label1\" content=\"Est. reading time\" \/>\n\t<meta name=\"twitter:data1\" content=\"2 minutes\" \/>\n<script type=\"application\/ld+json\" class=\"yoast-schema-graph\">{\"@context\":\"https:\/\/schema.org\",\"@graph\":[{\"@type\":\"WebPage\",\"@id\":\"https:\/\/janinaneumanndesign.de\/\",\"url\":\"https:\/\/janinaneumanndesign.de\/\",\"name\":\"JND ist ein Designstudio mit der Mission, gemeinsam den sozialen Wandel voranzubringen. - Janina Neumann Design\",\"isPartOf\":{\"@id\":\"https:\/\/janinaneumanndesign.de\/#website\"},\"primaryImageOfPage\":{\"@id\":\"https:\/\/janinaneumanndesign.de\/#primaryimage\"},\"image\":{\"@id\":\"https:\/\/janinaneumanndesign.de\/#primaryimage\"},\"thumbnailUrl\":\"https:\/\/janinaneumanndesign.de\/wp-content\/uploads\/2023\/02\/Janina-Neumann-1.jpeg\",\"datePublished\":\"2022-07-02T11:58:05+00:00\",\"dateModified\":\"2023-04-12T15:45:59+00:00\",\"description\":\"JND ist ein Designstudio mit der Mission, gemeinsam mit unseren Kunden sozialen Wandel voranzubringen. Unser zweisprachiger Ansatz stellt die Grundlage dar, um effektive Kommunikation von Botschaften in verschiedenen Sprachen \u00fcber Kulturgrenzen hinweg zu erm\u00f6glichen.\",\"breadcrumb\":{\"@id\":\"https:\/\/janinaneumanndesign.de\/#breadcrumb\"},\"inLanguage\":\"en-US\",\"potentialAction\":[{\"@type\":\"ReadAction\",\"target\":[\"https:\/\/janinaneumanndesign.de\/\"]}]},{\"@type\":\"ImageObject\",\"inLanguage\":\"en-US\",\"@id\":\"https:\/\/janinaneumanndesign.de\/#primaryimage\",\"url\":\"https:\/\/janinaneumanndesign.de\/wp-content\/uploads\/2023\/02\/Janina-Neumann-1.jpeg\",\"contentUrl\":\"https:\/\/janinaneumanndesign.de\/wp-content\/uploads\/2023\/02\/Janina-Neumann-1.jpeg\",\"width\":1500,\"height\":844},{\"@type\":\"BreadcrumbList\",\"@id\":\"https:\/\/janinaneumanndesign.de\/#breadcrumb\",\"itemListElement\":[{\"@type\":\"ListItem\",\"position\":1,\"name\":\"Home\",\"item\":\"https:\/\/janinaneumanndesign.de\/\"},{\"@type\":\"ListItem\",\"position\":2,\"name\":\"JND ist ein Designstudio mit der Mission, gemeinsam den sozialen Wandel voranzubringen.\"}]},{\"@type\":\"WebSite\",\"@id\":\"https:\/\/janinaneumanndesign.de\/#website\",\"url\":\"https:\/\/janinaneumanndesign.de\/\",\"name\":\"Janina Neumann Design\",\"description\":\"\",\"potentialAction\":[{\"@type\":\"SearchAction\",\"target\":{\"@type\":\"EntryPoint\",\"urlTemplate\":\"https:\/\/janinaneumanndesign.de\/?s={search_term_string}\"},\"query-input\":{\"@type\":\"PropertyValueSpecification\",\"valueRequired\":true,\"valueName\":\"search_term_string\"}}],\"inLanguage\":\"en-US\"}]}<\/script>\n<!-- \/ Yoast SEO plugin. -->","yoast_head_json":{"title":"JND ist ein Designstudio mit der Mission, gemeinsam den sozialen Wandel voranzubringen. - Janina Neumann Design","description":"JND ist ein Designstudio mit der Mission, gemeinsam mit unseren Kunden sozialen Wandel voranzubringen. Unser zweisprachiger Ansatz stellt die Grundlage dar, um effektive Kommunikation von Botschaften in verschiedenen Sprachen \u00fcber Kulturgrenzen hinweg zu erm\u00f6glichen.","robots":{"index":"index","follow":"follow","max-snippet":"max-snippet:-1","max-image-preview":"max-image-preview:large","max-video-preview":"max-video-preview:-1"},"canonical":"https:\/\/janinaneumanndesign.de\/","og_locale":"en_US","og_type":"article","og_title":"JND ist ein Designstudio mit der Mission, gemeinsam den sozialen Wandel voranzubringen. - Janina Neumann Design","og_description":"JND ist ein Designstudio mit der Mission, gemeinsam mit unseren Kunden sozialen Wandel voranzubringen. Unser zweisprachiger Ansatz stellt die Grundlage dar, um effektive Kommunikation von Botschaften in verschiedenen Sprachen \u00fcber Kulturgrenzen hinweg zu erm\u00f6glichen.","og_url":"https:\/\/janinaneumanndesign.de\/","og_site_name":"Janina Neumann Design","article_publisher":"https:\/\/www.facebook.com\/janinaneumanndesign","article_modified_time":"2023-04-12T15:45:59+00:00","og_image":[{"width":1500,"height":844,"url":"https:\/\/janinaneumanndesign.de\/wp-content\/uploads\/2023\/02\/Janina-Neumann-1.jpeg","type":"image\/jpeg"}],"twitter_card":"summary_large_image","twitter_site":"@janina_design","twitter_misc":{"Est. reading time":"2 minutes"},"schema":{"@context":"https:\/\/schema.org","@graph":[{"@type":"WebPage","@id":"https:\/\/janinaneumanndesign.de\/","url":"https:\/\/janinaneumanndesign.de\/","name":"JND ist ein Designstudio mit der Mission, gemeinsam den sozialen Wandel voranzubringen. - Janina Neumann Design","isPartOf":{"@id":"https:\/\/janinaneumanndesign.de\/#website"},"primaryImageOfPage":{"@id":"https:\/\/janinaneumanndesign.de\/#primaryimage"},"image":{"@id":"https:\/\/janinaneumanndesign.de\/#primaryimage"},"thumbnailUrl":"https:\/\/janinaneumanndesign.de\/wp-content\/uploads\/2023\/02\/Janina-Neumann-1.jpeg","datePublished":"2022-07-02T11:58:05+00:00","dateModified":"2023-04-12T15:45:59+00:00","description":"JND ist ein Designstudio mit der Mission, gemeinsam mit unseren Kunden sozialen Wandel voranzubringen. Unser zweisprachiger Ansatz stellt die Grundlage dar, um effektive Kommunikation von Botschaften in verschiedenen Sprachen \u00fcber Kulturgrenzen hinweg zu erm\u00f6glichen.","breadcrumb":{"@id":"https:\/\/janinaneumanndesign.de\/#breadcrumb"},"inLanguage":"en-US","potentialAction":[{"@type":"ReadAction","target":["https:\/\/janinaneumanndesign.de\/"]}]},{"@type":"ImageObject","inLanguage":"en-US","@id":"https:\/\/janinaneumanndesign.de\/#primaryimage","url":"https:\/\/janinaneumanndesign.de\/wp-content\/uploads\/2023\/02\/Janina-Neumann-1.jpeg","contentUrl":"https:\/\/janinaneumanndesign.de\/wp-content\/uploads\/2023\/02\/Janina-Neumann-1.jpeg","width":1500,"height":844},{"@type":"BreadcrumbList","@id":"https:\/\/janinaneumanndesign.de\/#breadcrumb","itemListElement":[{"@type":"ListItem","position":1,"name":"Home","item":"https:\/\/janinaneumanndesign.de\/"},{"@type":"ListItem","position":2,"name":"JND ist ein Designstudio mit der Mission, gemeinsam den sozialen Wandel voranzubringen."}]},{"@type":"WebSite","@id":"https:\/\/janinaneumanndesign.de\/#website","url":"https:\/\/janinaneumanndesign.de\/","name":"Janina Neumann Design","description":"","potentialAction":[{"@type":"SearchAction","target":{"@type":"EntryPoint","urlTemplate":"https:\/\/janinaneumanndesign.de\/?s={search_term_string}"},"query-input":{"@type":"PropertyValueSpecification","valueRequired":true,"valueName":"search_term_string"}}],"inLanguage":"en-US"}]}},"jetpack_sharing_enabled":true,"_links":{"self":[{"href":"https:\/\/janinaneumanndesign.de\/index.php\/wp-json\/wp\/v2\/pages\/5789","targetHints":{"allow":["GET"]}}],"collection":[{"href":"https:\/\/janinaneumanndesign.de\/index.php\/wp-json\/wp\/v2\/pages"}],"about":[{"href":"https:\/\/janinaneumanndesign.de\/index.php\/wp-json\/wp\/v2\/types\/page"}],"author":[{"embeddable":true,"href":"https:\/\/janinaneumanndesign.de\/index.php\/wp-json\/wp\/v2\/users\/2"}],"replies":[{"embeddable":true,"href":"https:\/\/janinaneumanndesign.de\/index.php\/wp-json\/wp\/v2\/comments?post=5789"}],"version-history":[{"count":12,"href":"https:\/\/janinaneumanndesign.de\/index.php\/wp-json\/wp\/v2\/pages\/5789\/revisions"}],"predecessor-version":[{"id":5872,"href":"https:\/\/janinaneumanndesign.de\/index.php\/wp-json\/wp\/v2\/pages\/5789\/revisions\/5872"}],"wp:featuredmedia":[{"embeddable":true,"href":"https:\/\/janinaneumanndesign.de\/index.php\/wp-json\/wp\/v2\/media\/5831"}],"wp:attachment":[{"href":"https:\/\/janinaneumanndesign.de\/index.php\/wp-json\/wp\/v2\/media?parent=5789"}],"curies":[{"name":"wp","href":"https:\/\/api.w.org\/{rel}","templated":true}]}}